{"id":7396,"date":"2021-12-15T09:09:27","date_gmt":"2021-12-15T09:09:27","guid":{"rendered":"https:\/\/startersites.io\/blocksy\/garderobe\/?page_id=13"},"modified":"2026-03-31T08:29:19","modified_gmt":"2026-03-31T13:29:19","slug":"contact","status":"publish","type":"page","link":"https:\/\/cottonenterprise.com.pe\/?page_id=7396","title":{"rendered":"Cont\u00e1ctanos"},"content":{"rendered":"\n<div class=\"wp-block-stackable-columns aligncenter stk-block-columns stk-block stk-31deafe stk-block-background stk--has-background-overlay\" data-block-id=\"31deafe\"><style>.stk-31deafe {background-image:url(https:\/\/cottonenterprise.com.pe\/wp-content\/uploads\/COTTON-SWEET.jpg) !important;padding-top:150px !important;padding-bottom:270px !important;margin-bottom:0px !important;top:-16px !important;bottom:-25px !important;opacity:0.9 !important;}@media screen and (max-width:999px){.stk-31deafe {padding-top:110px !important;padding-bottom:250px !important;}}<\/style><div class=\"stk-row stk-inner-blocks stk-block-content stk-content-align stk-31deafe-column\">\n<div class=\"wp-block-stackable-column stk-block-column stk-column stk-block stk-e5b129f\" data-v=\"4\" data-block-id=\"e5b129f\"><style>.stk-e5b129f-container{margin-top:0px !important;margin-right:0px !important;margin-bottom:0px !important;margin-left:0px !important;}<\/style><div class=\"stk-column-wrapper stk-block-column__content stk-container stk-e5b129f-container stk--no-background stk--no-padding\"><div class=\"has-text-align-center stk-block-content stk-inner-blocks stk-e5b129f-inner-blocks\">\n<div class=\"wp-block-stackable-heading stk-block-heading stk-block-heading--v2 stk-block stk-e3c7835\" id=\"span-style-color-fffffe-class-stk-highlight-contactanos-span\" data-block-id=\"e3c7835\"><style>.stk-e3c7835 {margin-top:15px !important;top:-100px !important;}.stk-e3c7835 .stk-block-heading__text{font-size:70px !important;}@media screen and (max-width:999px){.stk-e3c7835 .stk-block-heading__text{font-size:40px !important;}}<\/style><h2 class=\"stk-block-heading__text has-text-align-center\"><span style=\"color: #fffffe;\" class=\"stk-highlight\">Cont\u00e1ctanos<\/span><\/h2><\/div>\n<\/div><\/div><\/div>\n<\/div><\/div>\n\n\n\n<div class=\"wp-block-group alignwide is-horizontal is-content-justification-center is-nowrap is-layout-flex wp-container-core-group-is-layout-66c808f6 wp-block-group-is-layout-flex\" style=\"padding-top:var(--wp--preset--spacing--40);padding-bottom:var(--wp--preset--spacing--40)\">\n<figure class=\"wp-block-image has-custom-border wp-container-content-b6ea3432\" style=\"margin-right:var(--wp--preset--spacing--60);margin-left:var(--wp--preset--spacing--60)\"><img loading=\"lazy\" decoding=\"async\" width=\"512\" height=\"512\" src=\"https:\/\/cottonenterprise.com.pe\/wp-content\/uploads\/clock.png\" alt=\"\" class=\"wp-image-6263\" style=\"border-style:none;border-width:0px;border-top-left-radius:0px;border-top-right-radius:0px;border-bottom-left-radius:0px;border-bottom-right-radius:0px\" srcset=\"https:\/\/cottonenterprise.com.pe\/wp-content\/uploads\/clock.png 512w, https:\/\/cottonenterprise.com.pe\/wp-content\/uploads\/clock-300x300.png 300w, https:\/\/cottonenterprise.com.pe\/wp-content\/uploads\/clock-100x100.png 100w, https:\/\/cottonenterprise.com.pe\/wp-content\/uploads\/clock-150x150.png 150w, https:\/\/cottonenterprise.com.pe\/wp-content\/uploads\/clock-12x12.png 12w\" sizes=\"auto, (max-width: 512px) 100vw, 512px\" \/><\/figure>\n\n\n\n<div class=\"wp-block-stackable-text stk-block-text stk-block stk-855293f\" data-block-id=\"855293f\"><style>.stk-855293f {right:-53px !important;left:-15px !important;}<\/style><p class=\"stk-block-text__text\"><strong>Horario de Atenci\u00f3n: <\/strong><\/p><\/div>\n\n\n\n<div class=\"wp-block-stackable-text stk-block-text stk-block stk-31d2a6b\" data-block-id=\"31d2a6b\"><style>.stk-31d2a6b {right:0px !important;}<\/style><p class=\"stk-block-text__text\">Lunes a Viernes 10:00 a.m &#8211; 3:00 p.m &amp; S\u00e1bados 10:00 a.m &#8211; 12:00 p.m.<\/p><\/div>\n<\/div>\n\n\n\n<div class=\"wp-block-stackable-columns stk-block-columns stk-block stk-1b073ec\" data-block-id=\"1b073ec\"><div class=\"stk-row stk-inner-blocks stk-block-content stk-content-align stk-1b073ec-column\">\n<div class=\"wp-block-stackable-column stk-block-column stk-column stk-block stk-d2cd690\" data-v=\"4\" data-block-id=\"d2cd690\"><div class=\"stk-column-wrapper stk-block-column__content stk-container stk-d2cd690-container stk--no-background stk--no-padding\"><div class=\"stk-block-content stk-inner-blocks stk-d2cd690-inner-blocks\">\n<figure class=\"wp-block-image size-large\"><img loading=\"lazy\" decoding=\"async\" width=\"1024\" height=\"683\" src=\"https:\/\/cottonenterprise.com.pe\/wp-content\/uploads\/FotoCotton18-1024x683.jpg\" alt=\"\" class=\"wp-image-6045\" srcset=\"https:\/\/cottonenterprise.com.pe\/wp-content\/uploads\/FotoCotton18-1024x683.jpg 1024w, https:\/\/cottonenterprise.com.pe\/wp-content\/uploads\/FotoCotton18-600x400.jpg 600w, https:\/\/cottonenterprise.com.pe\/wp-content\/uploads\/FotoCotton18-300x200.jpg 300w, https:\/\/cottonenterprise.com.pe\/wp-content\/uploads\/FotoCotton18-768x512.jpg 768w, https:\/\/cottonenterprise.com.pe\/wp-content\/uploads\/FotoCotton18-1536x1024.jpg 1536w, https:\/\/cottonenterprise.com.pe\/wp-content\/uploads\/FotoCotton18-1200x800.jpg 1200w, https:\/\/cottonenterprise.com.pe\/wp-content\/uploads\/FotoCotton18-18x12.jpg 18w, https:\/\/cottonenterprise.com.pe\/wp-content\/uploads\/FotoCotton18.jpg 1920w\" sizes=\"auto, (max-width: 1024px) 100vw, 1024px\" \/><\/figure>\n<\/div><\/div><\/div>\n\n\n\n<div class=\"wp-block-stackable-column stk-block-column stk-column stk-block stk-f2edbbd\" data-v=\"4\" data-block-id=\"f2edbbd\"><div class=\"stk-column-wrapper stk-block-column__content stk-container stk-f2edbbd-container stk--no-background stk--no-padding\"><div class=\"stk-block-content stk-inner-blocks stk-f2edbbd-inner-blocks\">\n<div class=\"wp-block-stackable-heading stk-block-heading stk-block-heading--v2 stk-block stk-e0c4eb8\" id=\"sientete-libre-en-consultarnos-escribenos-por\" data-block-id=\"e0c4eb8\"><style>.stk-e0c4eb8 {top:10px !important;right:-43px !important;bottom:29px !important;}@media screen and (max-width:999px){.stk-e0c4eb8 {margin-bottom:15px !important;}.stk-e0c4eb8 .stk-block-heading__text{font-size:30px !important;}}<\/style><h6 class=\"stk-block-heading__text stk-block-heading--use-theme-margins\">Sientete libre en consultarnos, escr\u00edbenos por:<\/h6><\/div>\n\n\n\n<div class=\"wp-block-stackable-text stk-block-text stk-block stk-d96ee8d\" data-block-id=\"d96ee8d\"><style>.stk-d96ee8d {margin-bottom:16px !important;right:-44px !important;bottom:-19px !important;}<\/style><p class=\"stk-block-text__text\"><strong>WhatsApp :<\/strong> (+51) 991 352 508<\/p><\/div>\n\n\n\n<div class=\"wp-block-stackable-text stk-block-text stk-block stk-4fe7338\" data-block-id=\"4fe7338\"><style>.stk-4fe7338 {right:-44px !important;bottom:-18px !important;}<\/style><p class=\"stk-block-text__text\"><strong>Email<\/strong>: comercial@cottonenterprise.com.pe<\/p><\/div>\n<\/div><\/div><\/div>\n<\/div><\/div>\n\n\n\n<p><\/p>\n","protected":false},"excerpt":{"rendered":"<p>Cont\u00e1ctanos Horario de Atenci\u00f3n: Lunes a Viernes 10:00 a.m &#8211; 3:00 p.m &amp; S\u00e1bados 10:00 a.m &#8211; 12:00 p.m. Sientete libre en consultarnos, escr\u00edbenos por: WhatsApp : (+51) 991 352 508 Email: comercial@cottonenterprise.com.pe<\/p>\n","protected":false},"author":1,"featured_media":0,"parent":0,"menu_order":0,"comment_status":"closed","ping_status":"closed","template":"","meta":{"footnotes":""},"class_list":["post-7396","page","type-page","status-publish","hentry"],"blocksy_meta":{"styles_descriptor":{"styles":{"desktop":"","tablet":"","mobile":""},"google_fonts":[],"version":6},"page_title_panel":"","has_hero_section":"disabled","b5a8e8ecd73a2d1bdc083724b92bf358":"","hero_section":"type-1","hero_elements":[{"id":"custom_title","enabled":true,"heading_tag":"h1","title":"Home"},{"id":"custom_description","enabled":true,"description_visibility":{"desktop":true,"tablet":true,"mobile":false}},{"id":"custom_meta","enabled":false,"meta_elements":[{"id":"author","enabled":true,"label":"By","has_author_avatar":"yes","avatar_size":25},{"id":"post_date","enabled":true,"label":"On","date_format_source":"default","date_format":"M j, Y"},{"id":"updated_date","enabled":false,"label":"On","date_format_source":"default","date_format":"M j, Y"},{"id":"categories","enabled":false,"label":"In","style":"simple"},{"id":"comments","enabled":true}],"page_meta_elements":{"joined":true,"articles_count":true,"comments":true}},{"id":"breadcrumbs","enabled":false}],"7e154d28cd3433ebd2b52a65fa352287":"","hero_alignment1":"CT_CSS_SKIP_RULE","hero_margin":40,"hero_alignment2":"center","hero_vertical_alignment":"center","b06089ceb60e1c2358df3dd815344e31":"","hero_structure":"narrow","cd26de91d35cb1540fae797090dcc365":"","page_title_bg_type":"featured_image","custom_hero_background":{"attachment_id":null},"parallax":{"desktop":false,"tablet":false,"mobile":false},"7fd8ccdb4238d868f5d9c97d4ace46bf":"","hero_height":"250px","pageTitleFont":{"family":"Default","variation":"Default","size":"30px","line-height":"CT_CSS_SKIP_RULE","letter-spacing":"CT_CSS_SKIP_RULE","text-transform":"CT_CSS_SKIP_RULE","text-decoration":"CT_CSS_SKIP_RULE"},"pageTitleFontColor":{"default":{"color":"CT_CSS_SKIP_RULEDEFAULT"}},"pageMetaFont":{"family":"Default","variation":"n6","size":"12px","line-height":"1.3","letter-spacing":"CT_CSS_SKIP_RULE","text-transform":"uppercase","text-decoration":"CT_CSS_SKIP_RULE"},"pageMetaFontColor":{"default":{"color":"CT_CSS_SKIP_RULEDEFAULT"},"hover":{"color":"CT_CSS_SKIP_RULEDEFAULT"}},"page_meta_button_type_font_colors":{"default":{"color":"CT_CSS_SKIP_RULEDEFAULT"},"hover":{"color":"CT_CSS_SKIP_RULEDEFAULT"}},"page_meta_button_type_background_colors":{"default":{"color":"CT_CSS_SKIP_RULEDEFAULT"},"hover":{"color":"CT_CSS_SKIP_RULEDEFAULT"}},"pageExcerptFont":{"family":"Default","variation":"Default","size":"CT_CSS_SKIP_RULE","line-height":"CT_CSS_SKIP_RULE","letter-spacing":"CT_CSS_SKIP_RULE","text-transform":"CT_CSS_SKIP_RULE","text-decoration":"CT_CSS_SKIP_RULE"},"pageExcerptColor":{"default":{"color":"CT_CSS_SKIP_RULEDEFAULT"}},"breadcrumbsFont":{"family":"Default","variation":"Default","size":"CT_CSS_SKIP_RULE","line-height":"CT_CSS_SKIP_RULE","letter-spacing":"CT_CSS_SKIP_RULE","text-transform":"CT_CSS_SKIP_RULE","text-decoration":"CT_CSS_SKIP_RULE"},"breadcrumbsFontColor":{"default":{"color":"CT_CSS_SKIP_RULEDEFAULT"},"initial":{"color":"CT_CSS_SKIP_RULEDEFAULT"},"hover":{"color":"CT_CSS_SKIP_RULEDEFAULT"}},"pageTitleOverlay":{"background_type":"color","background_pattern":"type-1","background_image":{"attachment_id":null,"x":0,"y":0},"gradient":"linear-gradient(135deg,rgba(6,147,227,1) 0%,rgb(155,81,224) 100%)","background_repeat":"repeat","background_size":"auto","background_attachment":"scroll","patternColor":{"default":{"color":"#e5e7ea"}},"overlayColor":{"default":{"color":"CT_CSS_SKIP_RULE"}},"backgroundColor":{"default":{"color":"CT_CSS_SKIP_RULE"}}},"pageTitleBackground":{"background_type":"color","background_pattern":"type-1","background_image":{"attachment_id":null,"x":0,"y":0},"gradient":"linear-gradient(135deg,rgba(6,147,227,1) 0%,rgb(155,81,224) 100%)","background_repeat":"repeat","background_size":"auto","background_attachment":"scroll","patternColor":{"default":{"color":"#e5e7ea"}},"overlayColor":{"default":{"color":"CT_CSS_SKIP_RULE"}},"backgroundColor":{"default":{"color":"var(--theme-palette-color-6)"}}},"pageTitlePadding":{"top":"50px","bottom":"50px","left":"auto","right":"auto","linked":true},"525648c3a0104dc66d7938914252da9e":"","page_structure_type":"default","4f39fcfae578e432fc1b7e5a804f4dc0":"","content_style_source":"inherit","content_style":"wide","vertical_spacing_source":"custom","content_area_spacing":"none","background":{"background_type":"color","background_pattern":"type-1","background_image":{"attachment_id":null,"x":0,"y":0},"gradient":"linear-gradient(135deg,rgba(6,147,227,1) 0%,rgb(155,81,224) 100%)","background_repeat":"repeat","background_size":"auto","background_attachment":"scroll","patternColor":{"default":{"color":"#e5e7ea"}},"overlayColor":{"default":{"color":"CT_CSS_SKIP_RULE"}},"backgroundColor":{"default":{"color":"CT_CSS_SKIP_RULE"}}},"content_background":{"background_type":"color","background_pattern":"type-1","background_image":{"attachment_id":null,"x":0,"y":0},"gradient":"linear-gradient(135deg,rgba(6,147,227,1) 0%,rgb(155,81,224) 100%)","background_repeat":"repeat","background_size":"auto","background_attachment":"scroll","patternColor":{"default":{"color":"#e5e7ea"}},"overlayColor":{"default":{"color":"CT_CSS_SKIP_RULE"}},"backgroundColor":{"default":{"color":"var(--theme-palette-color-8)"}}},"content_boxed_shadow":{"inherit":false,"blur":18,"spread":-6,"v_offset":12,"h_offset":0,"inset":false,"enable":true,"color":{"color":"rgba(34, 56, 101, 0.04)"}},"boxed_content_spacing":{"desktop":{"top":"40px","bottom":"40px","left":"40px","right":"40px","linked":true},"tablet":{"top":"35px","bottom":"35px","left":"35px","right":"35px","linked":true},"mobile":{"top":"20px","bottom":"20px","left":"20px","right":"20px","linked":true}},"content_boxed_radius":{"top":"3px","bottom":"3px","left":"3px","right":"3px","linked":true},"2487fe51df1335eec2ccb15a676f5fb3":"","disable_featured_image":"no","disable_share_box":"no","disable_header":"no","disable_footer":"no"},"aioseo_notices":[],"featured_media_urls":[],"_links":{"self":[{"href":"https:\/\/cottonenterprise.com.pe\/index.php?rest_route=\/wp\/v2\/pages\/7396","targetHints":{"allow":["GET"]}}],"collection":[{"href":"https:\/\/cottonenterprise.com.pe\/index.php?rest_route=\/wp\/v2\/pages"}],"about":[{"href":"https:\/\/cottonenterprise.com.pe\/index.php?rest_route=\/wp\/v2\/types\/page"}],"author":[{"embeddable":true,"href":"https:\/\/cottonenterprise.com.pe\/index.php?rest_route=\/wp\/v2\/users\/1"}],"replies":[{"embeddable":true,"href":"https:\/\/cottonenterprise.com.pe\/index.php?rest_route=%2Fwp%2Fv2%2Fcomments&post=7396"}],"version-history":[{"count":10,"href":"https:\/\/cottonenterprise.com.pe\/index.php?rest_route=\/wp\/v2\/pages\/7396\/revisions"}],"predecessor-version":[{"id":7533,"href":"https:\/\/cottonenterprise.com.pe\/index.php?rest_route=\/wp\/v2\/pages\/7396\/revisions\/7533"}],"wp:attachment":[{"href":"https:\/\/cottonenterprise.com.pe\/index.php?rest_route=%2Fwp%2Fv2%2Fmedia&parent=7396"}],"curies":[{"name":"wp","href":"https:\/\/api.w.org\/{rel}","templated":true}]}}